{"id":430,"date":"2022-12-12T13:24:40","date_gmt":"2022-12-12T13:24:40","guid":{"rendered":"https:\/\/wrservicios.com\/index.php\/services\/"},"modified":"2025-02-14T23:05:58","modified_gmt":"2025-02-15T03:05:58","slug":"servicios","status":"publish","type":"page","link":"https:\/\/www.wrservicios.com\/index.php\/servicios\/","title":{"rendered":"Servicios"},"content":{"rendered":"\n<div class=\"wp-block-uagb-container uagb-block-48a0280a alignfull uagb-is-root-container\"><div class=\"uagb-container-inner-blocks-wrap\">\n<div class=\"wp-block-uagb-container uagb-block-36c24f5f\">\n<div class=\"wp-block-uagb-advanced-heading uagb-block-f34aa7d0\"><h1 class=\"uagb-heading-text\">Soluciones para tus necesidades.\u200b<\/h1><\/div>\n<\/div>\n<\/div><\/div>\n\n\n\n<div class=\"wp-block-uagb-container uagb-block-2a608700 alignfull uagb-is-root-container\"><div class=\"uagb-container-inner-blocks-wrap\">\n<div class=\"wp-block-uagb-advanced-heading uagb-block-aa418135\"><h2 class=\"uagb-heading-text\">Nuestros Servicios<\/h2><p class=\"uagb-desc-text\">Lo que podemos hacer por ti<\/p><\/div>\n\n\n\n<div class=\"wp-block-uagb-container uagb-block-df1dd79a\">\n<div class=\"wp-block-uagb-container uagb-block-5d82a7e6\">\n<div class=\"wp-block-uagb-info-box uagb-block-5047f5ba uagb-infobox__content-wrap  uagb-infobox-icon-above-title uagb-infobox-image-valign-top\"><div class=\"uagb-ifb-content\"><div class=\"uagb-ifb-image-content\"><img decoding=\"async\" src=\"https:\/\/www.wrservicios.com\/wp-content\/uploads\/2022\/12\/system-man.png\" alt=\"\" width=\"18\" height=\"18\" loading=\"lazy\"\/><\/div><div class=\"uagb-ifb-title-wrap\"><h5 class=\"uagb-ifb-title\">Soporte Tecnico<\/h5><\/div><p class=\"uagb-ifb-desc\">Ofrecemos un servicio de soporte t\u00e9cnico completo para PC y servidores. desde fallas en el sistema operativo hasta problemas de hardware y redes. Adem\u00e1s, proporcionamos servicios de mantenimiento preventivo para ayudar a evitar problemas antes de que ocurran.<\/p><\/div><\/div>\n\n\n\n<div class=\"wp-block-uagb-info-box uagb-block-59b67b70 uagb-infobox__content-wrap  uagb-infobox-icon-above-title uagb-infobox-image-valign-top\"><div class=\"uagb-ifb-content\"><div class=\"uagb-ifb-image-content\"><img decoding=\"async\" src=\"https:\/\/www.wrservicios.com\/wp-content\/uploads\/2022\/12\/system.png\" alt=\"\" width=\"18\" height=\"18\" loading=\"lazy\"\/><\/div><div class=\"uagb-ifb-title-wrap\"><h5 class=\"uagb-ifb-title\">Administracion Servidores<\/h5><\/div><p class=\"uagb-ifb-desc\">Servicio de administraci\u00f3n de servidores Windows y Linux, implementaci\u00f3n, virtualizaci\u00f3n y respaldo de datos. Nuestro equipo de expertos asegura el correcto funcionamiento de sus servidores desde su configuraci\u00f3n inicial hasta el mantenimiento continuo. <\/p><\/div><\/div>\n\n\n\n<div class=\"wp-block-uagb-info-box uagb-block-32a6ab54 uagb-infobox__content-wrap  uagb-infobox-icon-above-title uagb-infobox-image-valign-top\"><div class=\"uagb-ifb-content\"><div class=\"uagb-ifb-image-content\"><img decoding=\"async\" src=\"https:\/\/www.wrservicios.com\/wp-content\/uploads\/2022\/12\/pipes.png\" alt=\"\" width=\"19\" height=\"19\" loading=\"lazy\"\/><\/div><div class=\"uagb-ifb-title-wrap\"><h5 class=\"uagb-ifb-title\">Video Seguridad CCTV<\/h5><\/div><p class=\"uagb-ifb-desc\">Brindamos servicios completos de instalaci\u00f3n y mantenimiento de sistemas de video seguridad CCTV. Nos especializamos en la instalaci\u00f3n de una amplia gama de c\u00e1maras de seguridad, incluyendo c\u00e1maras anal\u00f3gicas, IP, DVR, NVR, c\u00e1maras WiFi y muchas m\u00e1s.<\/p><\/div><\/div>\n<\/div>\n\n\n\n<div class=\"wp-block-uagb-container uagb-block-e074fa5a\">\n<div class=\"wp-block-uagb-info-box uagb-block-1248f8f5 uagb-infobox__content-wrap  uagb-infobox-icon-above-title uagb-infobox-image-valign-top\"><div class=\"uagb-ifb-content\"><div class=\"uagb-ifb-image-content\"><img decoding=\"async\" src=\"https:\/\/www.wrservicios.com\/wp-content\/uploads\/2022\/12\/exhuast-fan.png\" alt=\"\" width=\"25\" height=\"25\" loading=\"lazy\"\/><\/div><div class=\"uagb-ifb-title-wrap\"><h5 class=\"uagb-ifb-title\">Infrestructura de Red<\/h5><\/div><p class=\"uagb-ifb-desc\">servicios profesionales de infraestructura de red, dise\u00f1ados para garantizar el m\u00e1ximo rendimiento y eficiencia en su empresa u organizaci\u00f3n. Nuestros servicios incluyen una amplia gama de soluciones de red, desde la instalaci\u00f3n de racks y cableado estructurado hasta la implementaci\u00f3n de redes WiFi inal\u00e1mbricas y sistemas mesh.<\/p><\/div><\/div>\n\n\n\n<div class=\"wp-block-uagb-info-box uagb-block-ebc8086d uagb-infobox__content-wrap  uagb-infobox-icon-above-title uagb-infobox-image-valign-top\"><div class=\"uagb-ifb-content\"><div class=\"uagb-ifb-image-content\"><img decoding=\"async\" src=\"https:\/\/www.wrservicios.com\/wp-content\/uploads\/2022\/12\/kitchen-fan.png\" alt=\"\" width=\"19\" height=\"19\" loading=\"lazy\"\/><\/div><div class=\"uagb-ifb-title-wrap\"><h5 class=\"uagb-ifb-title\">Hosting web &amp; Email <\/h5><\/div><p class=\"uagb-ifb-desc\">Ofrecemos servicios de hosting web, dominios y correo electr\u00f3nico corporativo de alta calidad para empresas. Mejore su presencia en l\u00ednea y la comunicaci\u00f3n con sus clientes y empleados con nuestras soluciones de alojamiento y correo electr\u00f3nico. Registre su dominio con nosotros y asegure su identidad en l\u00ednea. <\/p><\/div><\/div>\n\n\n\n<div class=\"wp-block-uagb-info-box uagb-block-79952345 uagb-infobox__content-wrap  uagb-infobox-icon-above-title uagb-infobox-image-valign-top\"><div class=\"uagb-ifb-content\"><div class=\"uagb-ifb-image-content\"><img decoding=\"async\" src=\"https:\/\/www.wrservicios.com\/wp-content\/uploads\/2022\/12\/systems.png\" alt=\"\" width=\"19\" height=\"19\" loading=\"lazy\"\/><\/div><div class=\"uagb-ifb-title-wrap\"><h5 class=\"uagb-ifb-title\">Alarmas y Control de Asistencia<\/h5><\/div><p class=\"uagb-ifb-desc\">nuestros servicios de seguridad con tecnolog\u00eda de punta, incluyendo sistemas de alarmas inal\u00e1mbricas Hikvision y control de asistencia certificado. Nos enfocamos en brindar soluciones confiables y de alta calidad para garantizar la protecci\u00f3n de su hogar o empresa.<\/p><\/div><\/div>\n<\/div>\n<\/div>\n<\/div><\/div>\n\n\n\n<div class=\"wp-block-uagb-container uagb-block-6503c29d alignfull uagb-is-root-container\"><div class=\"uagb-container-inner-blocks-wrap\">\n<div class=\"wp-block-uagb-advanced-heading uagb-block-5b1579d2\"><h2 class=\"uagb-heading-text\">Brindando las mejores soluciones estos 15 a\u00f1os!<\/h2><p class=\"uagb-desc-text\">Algunos de los clientes que confian en nosotros:<\/p><\/div>\n\n\n\n<div class=\"wp-block-uagb-container uagb-block-b80c9eb3\">\n<div class=\"wp-block-uagb-container uagb-block-2a82824c\">\n<div class=\"wp-block-uagb-image aligncenter uagb-block-4d637520 wp-block-uagb-image--layout-default wp-block-uagb-image--effect-static wp-block-uagb-image--align-center\"><figure class=\"wp-block-uagb-image__figure\"><img decoding=\"async\" srcset=\"https:\/\/www.wrservicios.com\/wp-content\/uploads\/2023\/06\/cliente1.png \" sizes=\"auto, (max-width: 480px) 150px\" src=\"https:\/\/www.wrservicios.com\/wp-content\/uploads\/2023\/06\/cliente1.png\" alt=\"\" class=\"uag-image-1067\" width=\"140\" height=\"57\" title=\"\" loading=\"lazy\" role=\"img\"\/><\/figure><\/div>\n\n\n\n<div class=\"wp-block-uagb-image aligncenter uagb-block-f9417e04 wp-block-uagb-image--layout-default wp-block-uagb-image--effect-static wp-block-uagb-image--align-center\"><figure class=\"wp-block-uagb-image__figure\"><img decoding=\"async\" srcset=\"https:\/\/www.wrservicios.com\/wp-content\/uploads\/2023\/06\/cliente3.png \" sizes=\"auto, (max-width: 480px) 150px\" src=\"https:\/\/www.wrservicios.com\/wp-content\/uploads\/2023\/06\/cliente3.png\" alt=\"\" class=\"uag-image-1091\" width=\"140\" height=\"57\" title=\"\" loading=\"lazy\" role=\"img\"\/><\/figure><\/div>\n\n\n\n<div class=\"wp-block-uagb-image aligncenter uagb-block-3dd87caf wp-block-uagb-image--layout-default wp-block-uagb-image--effect-static wp-block-uagb-image--align-center\"><figure class=\"wp-block-uagb-image__figure\"><img decoding=\"async\" srcset=\"https:\/\/www.wrservicios.com\/wp-content\/uploads\/2023\/06\/cliente5.png \" sizes=\"auto, (max-width: 480px) 150px\" src=\"https:\/\/www.wrservicios.com\/wp-content\/uploads\/2023\/06\/cliente5.png\" alt=\"\" class=\"uag-image-1078\" width=\"140\" height=\"57\" title=\"\" loading=\"lazy\" role=\"img\"\/><\/figure><\/div>\n<\/div>\n\n\n\n<div class=\"wp-block-uagb-container uagb-block-9add79cd\">\n<div class=\"wp-block-uagb-image aligncenter uagb-block-afd83ff9 wp-block-uagb-image--layout-default wp-block-uagb-image--effect-static wp-block-uagb-image--align-center\"><figure class=\"wp-block-uagb-image__figure\"><img decoding=\"async\" srcset=\"https:\/\/www.wrservicios.com\/wp-content\/uploads\/2023\/06\/cliente2.png \" sizes=\"auto, (max-width: 480px) 150px\" src=\"https:\/\/www.wrservicios.com\/wp-content\/uploads\/2023\/06\/cliente2.png\" alt=\"\" class=\"uag-image-1069\" width=\"140\" height=\"57\" title=\"\" loading=\"lazy\" role=\"img\"\/><\/figure><\/div>\n\n\n\n<div class=\"wp-block-uagb-image aligncenter uagb-block-d2177a5f wp-block-uagb-image--layout-default wp-block-uagb-image--effect-static wp-block-uagb-image--align-center\"><figure class=\"wp-block-uagb-image__figure\"><img decoding=\"async\" srcset=\"https:\/\/www.wrservicios.com\/wp-content\/uploads\/2023\/06\/cliente4.png \" sizes=\"auto, (max-width: 480px) 150px\" src=\"https:\/\/www.wrservicios.com\/wp-content\/uploads\/2023\/06\/cliente4.png\" alt=\"\" class=\"uag-image-1075\" width=\"140\" height=\"57\" title=\"\" loading=\"lazy\" role=\"img\"\/><\/figure><\/div>\n\n\n\n<div class=\"wp-block-uagb-image aligncenter uagb-block-345809fe wp-block-uagb-image--layout-default wp-block-uagb-image--effect-static wp-block-uagb-image--align-center\"><figure class=\"wp-block-uagb-image__figure\"><img decoding=\"async\" srcset=\"https:\/\/www.wrservicios.com\/wp-content\/uploads\/2022\/12\/trane-logo-free-img.png \" sizes=\"auto, (max-width: 480px) 150px\" src=\"https:\/\/www.wrservicios.com\/wp-content\/uploads\/2022\/12\/trane-logo-free-img.png\" alt=\"\" class=\"uag-image-218\" width=\"140\" height=\"57\" title=\"\" loading=\"lazy\" role=\"img\"\/><\/figure><\/div>\n<\/div>\n<\/div>\n<\/div><\/div>\n\n\n\n<div class=\"wp-block-uagb-container uagb-block-0f0b5403 alignfull uagb-is-root-container\"><div class=\"uagb-container-inner-blocks-wrap\">\n<div class=\"wp-block-uagb-advanced-heading uagb-block-15aab863\"><h3 class=\"uagb-heading-text\">Solicita tu visita hoy mismo! <\/h3><\/div>\n\n\n\n<div class=\"wp-block-uagb-container uagb-block-0f1f8508\">\n<div class=\"wp-block-uagb-buttons uagb-buttons__outer-wrap uagb-btn__default-btn uagb-btn-tablet__default-btn uagb-btn-mobile__default-btn uagb-block-2787e074\"><div class=\"uagb-buttons__wrap uagb-buttons-layout-wrap \">\n<div class=\"wp-block-uagb-buttons-child uagb-buttons__outer-wrap uagb-block-80f8f9f0 wp-block-button is-style-outline\"><div class=\"uagb-button__wrapper\"><a class=\"uagb-buttons-repeater wp-block-button__link\" aria-label=\"\" href=\"https:\/\/api.whatsapp.com\/send?phone=584142840459&amp;text=Buenas%20Tardes%3B%20les%20escribo%20por%20enlace%20de%20su%20web%20para%3A\" rel=\"follow noopener\" target=\"_blank\" role=\"button\"><span class=\"uagb-button__icon uagb-button__icon-position-before\"><svg xmlns=\"https:\/\/www.w3.org\/2000\/svg\" viewBox=\"0 0 512 512\" aria-hidden=\"true\" focussable=\"false\"><path d=\"M18.92 351.2l108.5-46.52c12.78-5.531 27.77-1.801 36.45 8.98l44.09 53.82c69.25-34 125.5-90.31 159.5-159.5l-53.81-44.04c-10.75-8.781-14.41-23.69-8.974-36.47l46.51-108.5c6.094-13.91 21.1-21.52 35.79-18.11l100.8 23.25c14.25 3.25 24.22 15.8 24.22 30.46c0 252.3-205.2 457.5-457.5 457.5c-14.67 0-27.18-9.968-30.45-24.22l-23.25-100.8C-2.571 372.4 5.018 357.2 18.92 351.2z\"><\/path><\/svg><\/span><div class=\"uagb-button__link\">Llamanos o whatsapp +58 0414 2840459<\/div><\/a><\/div><\/div>\n<\/div><\/div>\n<\/div>\n<\/div><\/div>\n\n\n\n<div class=\"wp-block-uagb-container uagb-block-0419796d alignfull uagb-is-root-container\"><div class=\"uagb-container-inner-blocks-wrap\">\n<div class=\"wp-block-uagb-container uagb-block-ef1571d7\">\n<div class=\"wp-block-uagb-image uagb-block-b1501303 wp-block-uagb-image--layout-default wp-block-uagb-image--effect-slide wp-block-uagb-image--align-none\"><figure class=\"wp-block-uagb-image__figure\"><img decoding=\"async\" srcset=\"https:\/\/www.wrservicios.com\/wp-content\/uploads\/2025\/02\/4-camaras-video-vigilancia-cctv.png ,https:\/\/www.wrservicios.com\/wp-content\/uploads\/2025\/02\/4-camaras-video-vigilancia-cctv.png 780w, https:\/\/www.wrservicios.com\/wp-content\/uploads\/2025\/02\/4-camaras-video-vigilancia-cctv.png 360w\" sizes=\"auto, (max-width: 480px) 150px\" src=\"https:\/\/www.wrservicios.com\/wp-content\/uploads\/2025\/02\/4-camaras-video-vigilancia-cctv.png\" alt=\"\" class=\"uag-image-1346\" width=\"1024\" height=\"662\" title=\"4-camaras-video-vigilancia-cctv\" loading=\"lazy\" role=\"img\"\/><\/figure><\/div>\n<\/div>\n\n\n\n<div class=\"wp-block-uagb-container uagb-block-8361c6c2\">\n<div class=\"wp-block-uagb-advanced-heading uagb-block-55bf0351\"><h2 class=\"uagb-heading-text\">Las consultas m\u00e1s comunes!<\/h2><\/div>\n\n\n<div class=\"wp-block-uagb-faq uagb-faq__outer-wrap uagb-block-8aec71e2 uagb-faq-icon-row-reverse uagb-faq-layout-accordion uagb-faq-expand-first-false uagb-faq-inactive-other-true uagb-faq__wrap uagb-buttons-layout-wrap uagb-faq-equal-height     \" data-faqtoggle=\"true\" role=\"tablist\"><div class=\"wp-block-uagb-faq-child uagb-faq-child__outer-wrap uagb-faq-item uagb-block-1f53dbfa \" role=\"tab\" tabindex=\"0\"><div class=\"uagb-faq-questions-button uagb-faq-questions\">\t\t\t<span class=\"uagb-icon uagb-faq-icon-wrap\">\n\t\t\t\t\t\t\t<\/span>\n\t\t\t\t\t\t<span class=\"uagb-icon-active uagb-faq-icon-wrap\">\n\t\t\t\t\t\t\t\t<svg xmlns=\"https:\/\/www.w3.org\/2000\/svg\" viewBox= \"0 0 320 512\"><path d=\"M9.39 265.4l127.1-128C143.6 131.1 151.8 128 160 128s16.38 3.125 22.63 9.375l127.1 128c9.156 9.156 11.9 22.91 6.943 34.88S300.9 320 287.1 320H32.01c-12.94 0-24.62-7.781-29.58-19.75S.2333 274.5 9.39 265.4z\"><\/path><\/svg>\n\t\t\t\t\t\t\t<\/span>\n\t\t\t<span class=\"uagb-question\">\u00bf Brindamos soporte tecnico remoto ?<\/span><\/div><div class=\"uagb-faq-content\"><p>S\u00ed, ofrecemos soporte remoto para aquellos casos en que sea posible resolver el problema sin la necesidad de una visita presencial. Contamos con herramientas de software especializadas que nos permiten conectarnos de forma segura y remota a su sistema para identificar y resolver problemas. Esto nos permite brindar una soluci\u00f3n r\u00e1pida y efectiva a nuestros clientes, sin la necesidad de desplazamientos innecesarios y reduciendo el tiempo de inactividad de su sistema. <br><br>En caso de requerir soporte remoto, nuestros t\u00e9cnicos le guiar\u00e1n en el proceso para establecer la conexi\u00f3n y resolver el problema de manera eficiente.<\/p><\/div><\/div><div class=\"wp-block-uagb-faq-child uagb-faq-child__outer-wrap uagb-faq-item uagb-block-ce4f5568 \" role=\"tab\" tabindex=\"0\"><div class=\"uagb-faq-questions-button uagb-faq-questions\">\t\t\t<span class=\"uagb-icon uagb-faq-icon-wrap\">\n\t\t\t\t\t\t\t<\/span>\n\t\t\t\t\t\t<span class=\"uagb-icon-active uagb-faq-icon-wrap\">\n\t\t\t\t\t\t\t\t<svg xmlns=\"https:\/\/www.w3.org\/2000\/svg\" viewBox= \"0 0 320 512\"><path d=\"M9.39 265.4l127.1-128C143.6 131.1 151.8 128 160 128s16.38 3.125 22.63 9.375l127.1 128c9.156 9.156 11.9 22.91 6.943 34.88S300.9 320 287.1 320H32.01c-12.94 0-24.62-7.781-29.58-19.75S.2333 274.5 9.39 265.4z\"><\/path><\/svg>\n\t\t\t\t\t\t\t<\/span>\n\t\t\t<span class=\"uagb-question\">\u00bf Trabajan con marcas reconocidas en cctv ?<\/span><\/div><div class=\"uagb-faq-content\"><p>S\u00ed, trabajamos con marcas reconocidas en la industria de la seguridad CCTV. Nos aseguramos de ofrecer a nuestros clientes productos de alta calidad, confiables y duraderos. Para ello, trabajamos con fabricantes l\u00edderes en el mercado que ofrecen equipos y dispositivos de seguridad de \u00faltima generaci\u00f3n, como Hikvision, Dahua, Bosch, Samsung, Axis, entre otros.<br><br>Al trabajar con estas marcas reconocidas, podemos ofrecer a nuestros clientes una amplia gama de opciones de seguridad CCTV que se adaptan a sus necesidades espec\u00edficas, y as\u00ed garantizar una instalaci\u00f3n y mantenimiento de sistemas de video seguridad CCTV de alta calidad. Adem\u00e1s, estas marcas suelen ofrecer garant\u00edas y soporte t\u00e9cnico para sus productos, lo que nos permite brindar un servicio completo y confiable a nuestros clientes.<\/p><\/div><\/div><div class=\"wp-block-uagb-faq-child uagb-faq-child__outer-wrap uagb-faq-item uagb-block-9e2ad377 \" role=\"tab\" tabindex=\"0\"><div class=\"uagb-faq-questions-button uagb-faq-questions\">\t\t\t<span class=\"uagb-icon uagb-faq-icon-wrap\">\n\t\t\t\t\t\t\t<\/span>\n\t\t\t\t\t\t<span class=\"uagb-icon-active uagb-faq-icon-wrap\">\n\t\t\t\t\t\t\t\t<svg xmlns=\"https:\/\/www.w3.org\/2000\/svg\" viewBox= \"0 0 320 512\"><path d=\"M9.39 265.4l127.1-128C143.6 131.1 151.8 128 160 128s16.38 3.125 22.63 9.375l127.1 128c9.156 9.156 11.9 22.91 6.943 34.88S300.9 320 287.1 320H32.01c-12.94 0-24.62-7.781-29.58-19.75S.2333 274.5 9.39 265.4z\"><\/path><\/svg>\n\t\t\t\t\t\t\t<\/span>\n\t\t\t<span class=\"uagb-question\">\u00bf brindan garantia a los productos instalados ?<\/span><\/div><div class=\"uagb-faq-content\"><p>S\u00ed, brindamos garant\u00eda a los productos vendidos. En nuestra empresa, nos tomamos muy en serio la satisfacci\u00f3n del cliente, y es por eso que ofrecemos una garant\u00eda en nuestros productos y servicios. La duraci\u00f3n de la garant\u00eda puede variar dependiendo del tipo de producto y el fabricante, pero en general, ofrecemos garant\u00edas est\u00e1ndar que van desde 3 meses a 1 a\u00f1o.<br><br>En caso de que surja alg\u00fan problema con el producto durante el per\u00edodo de garant\u00eda, nuestros t\u00e9cnicos se asegurar\u00e1n de reparar o reemplazar el producto de manera r\u00e1pida y eficiente, sin costo adicional para usted. Nuestro objetivo es asegurarnos de que nuestros clientes est\u00e9n completamente satisfechos con nuestros productos y servicios, y la garant\u00eda es una parte fundamental de este compromiso.<\/p><\/div><\/div><div class=\"wp-block-uagb-faq-child uagb-faq-child__outer-wrap uagb-faq-item uagb-block-ffdce0d2 \" role=\"tab\" tabindex=\"0\"><div class=\"uagb-faq-questions-button uagb-faq-questions\">\t\t\t<span class=\"uagb-icon uagb-faq-icon-wrap\">\n\t\t\t\t\t\t\t<\/span>\n\t\t\t\t\t\t<span class=\"uagb-icon-active uagb-faq-icon-wrap\">\n\t\t\t\t\t\t\t\t<svg xmlns=\"https:\/\/www.w3.org\/2000\/svg\" viewBox= \"0 0 320 512\"><path d=\"M9.39 265.4l127.1-128C143.6 131.1 151.8 128 160 128s16.38 3.125 22.63 9.375l127.1 128c9.156 9.156 11.9 22.91 6.943 34.88S300.9 320 287.1 320H32.01c-12.94 0-24.62-7.781-29.58-19.75S.2333 274.5 9.39 265.4z\"><\/path><\/svg>\n\t\t\t\t\t\t\t<\/span>\n\t\t\t<span class=\"uagb-question\">\u00bf tiene servicios web, hosting y email corporativos ?<\/span><\/div><div class=\"uagb-faq-content\"><p>S\u00ed, ofrecemos servicios de web hosting y email corporativos para empresas y organizaciones de todos los tama\u00f1os. Nuestros servicios de hosting incluyen alojamiento web en servidores de alta calidad y confiabilidad, con diferentes planes de alojamiento para adaptarse a las necesidades espec\u00edficas de cada cliente.<br><br>Adem\u00e1s, ofrecemos servicios de correo electr\u00f3nico corporativo, con un conjunto completo de caracter\u00edsticas y herramientas para una comunicaci\u00f3n efectiva y profesional dentro de su empresa. Podemos ayudarlo a configurar y administrar su correo electr\u00f3nico corporativo, y brindar soporte t\u00e9cnico en caso de cualquier problema.<br><br>Tambi\u00e9n podemos ayudarlo a desarrollar y dise\u00f1ar su sitio web corporativo, desde el dise\u00f1o hasta la implementaci\u00f3n y el mantenimiento. Nos aseguramos de que su sitio web sea atractivo, f\u00e1cil de usar y compatible con diferentes dispositivos y plataformas.<br><br>En resumen, ofrecemos una amplia gama de servicios web, hosting y email corporativos para garantizar que su empresa tenga una presencia en l\u00ednea s\u00f3lida y profesional.<\/p><\/div><\/div><\/div><\/div>\n<\/div><\/div>\n\n\n\n<p><\/p>\n","protected":false},"excerpt":{"rendered":"<p>Soluciones para tus necesidades.\u200b Nuestros Servicios Lo que podemos hacer por ti Brindando las mejores soluciones estos 15 a\u00f1os! Algunos de los clientes que confian en nosotros: Solicita tu visita hoy mismo! Las consultas m\u00e1s comunes!<\/p>\n","protected":false},"author":1,"featured_media":0,"parent":0,"menu_order":0,"comment_status":"closed","ping_status":"closed","template":"","meta":{"_uag_custom_page_level_css":"","site-sidebar-layout":"default","site-content-layout":"","ast-site-content-layout":"default","site-content-style":"default","site-sidebar-style":"default","ast-global-header-display":"","ast-banner-title-visibility":"","ast-main-header-display":"","ast-hfb-above-header-display":"","ast-hfb-below-header-display":"","ast-hfb-mobile-header-display":"","site-post-title":"disabled","ast-breadcrumbs-content":"","ast-featured-img":"","footer-sml-layout":"","ast-disable-related-posts":"","theme-transparent-header-meta":"","adv-header-id-meta":"","stick-header-meta":"","header-above-stick-meta":"","header-main-stick-meta":"","header-below-stick-meta":"","astra-migrate-meta-layouts":"set","ast-page-background-enabled":"default","ast-page-background-meta":{"desktop":{"background-color":"var(--ast-global-color-4)","background-image":"","background-repeat":"repeat","background-position":"center center","background-size":"auto","background-attachment":"scroll","background-type":"","background-media":"","overlay-type":"","overlay-color":"","overlay-opacity":"","overlay-gradient":""},"tablet":{"background-color":"","background-image":"","background-repeat":"repeat","background-position":"center center","background-size":"auto","background-attachment":"scroll","background-type":"","background-media":"","overlay-type":"","overlay-color":"","overlay-opacity":"","overlay-gradient":""},"mobile":{"background-color":"","background-image":"","background-repeat":"repeat","background-position":"center center","background-size":"auto","background-attachment":"scroll","background-type":"","background-media":"","overlay-type":"","overlay-color":"","overlay-opacity":"","overlay-gradient":""}},"ast-content-background-meta":{"desktop":{"background-color":"var(--ast-global-color-5)","background-image":"","background-repeat":"repeat","background-position":"center center","background-size":"auto","background-attachment":"scroll","background-type":"","background-media":"","overlay-type":"","overlay-color":"","overlay-opacity":"","overlay-gradient":""},"tablet":{"background-color":"var(--ast-global-color-5)","background-image":"","background-repeat":"repeat","background-position":"center center","background-size":"auto","background-attachment":"scroll","background-type":"","background-media":"","overlay-type":"","overlay-color":"","overlay-opacity":"","overlay-gradient":""},"mobile":{"background-color":"var(--ast-global-color-5)","background-image":"","background-repeat":"repeat","background-position":"center center","background-size":"auto","background-attachment":"scroll","background-type":"","background-media":"","overlay-type":"","overlay-color":"","overlay-opacity":"","overlay-gradient":""}},"footnotes":""},"class_list":["post-430","page","type-page","status-publish","hentry"],"uagb_featured_image_src":{"full":false,"thumbnail":false,"medium":false,"medium_large":false,"large":false,"1536x1536":false,"2048x2048":false},"uagb_author_info":{"display_name":"wilmer","author_link":"https:\/\/www.wrservicios.com\/index.php\/author\/wilmer\/"},"uagb_comment_info":0,"uagb_excerpt":"Soluciones para tus necesidades.\u200b Nuestros Servicios Lo que podemos hacer por ti Brindando las mejores soluciones estos 15 a\u00f1os! Algunos de los clientes que confian en nosotros: Solicita tu visita hoy mismo! Las consultas m\u00e1s comunes!","_links":{"self":[{"href":"https:\/\/www.wrservicios.com\/index.php\/wp-json\/wp\/v2\/pages\/430","targetHints":{"allow":["GET"]}}],"collection":[{"href":"https:\/\/www.wrservicios.com\/index.php\/wp-json\/wp\/v2\/pages"}],"about":[{"href":"https:\/\/www.wrservicios.com\/index.php\/wp-json\/wp\/v2\/types\/page"}],"author":[{"embeddable":true,"href":"https:\/\/www.wrservicios.com\/index.php\/wp-json\/wp\/v2\/users\/1"}],"replies":[{"embeddable":true,"href":"https:\/\/www.wrservicios.com\/index.php\/wp-json\/wp\/v2\/comments?post=430"}],"version-history":[{"count":39,"href":"https:\/\/www.wrservicios.com\/index.php\/wp-json\/wp\/v2\/pages\/430\/revisions"}],"predecessor-version":[{"id":1355,"href":"https:\/\/www.wrservicios.com\/index.php\/wp-json\/wp\/v2\/pages\/430\/revisions\/1355"}],"wp:attachment":[{"href":"https:\/\/www.wrservicios.com\/index.php\/wp-json\/wp\/v2\/media?parent=430"}],"curies":[{"name":"wp","href":"https:\/\/api.w.org\/{rel}","templated":true}]}}